{"id":29731,"date":"2025-08-19T13:05:29","date_gmt":"2025-08-19T13:05:29","guid":{"rendered":"https:\/\/darkgreen-gorilla-934702.hostingersite.com\/?post_type=product&#038;p=29731"},"modified":"2026-04-19T13:37:31","modified_gmt":"2026-04-19T11:37:31","slug":"free-life","status":"publish","type":"product","link":"https:\/\/rfaheya.com\/ar\/shop\/free-life\/","title":{"rendered":"FREE LIFE"},"content":{"rendered":"<p data-start=\"190\" data-end=\"356\"><strong data-start=\"190\" data-end=\"203\">Free Life<\/strong> \u064a\u0634\u0639\u0651 \u0633\u0639\u0627\u062f\u0629 \u062e\u0627\u0644\u0635\u0629 \u2014 \u062f\u0627\u0641\u0626\u060c \u0623\u0646\u064a\u0642\u060c \u0648\u0645\u0644\u064a\u0621 \u0628\u0627\u0644\u062d\u064a\u0627\u0629.<br data-start=\"257\" data-end=\"260\" \/>\u0639\u0637\u0631 \u0644\u0644\u0645\u0631\u0623\u0629 \u0627\u0644\u062a\u064a \u062a\u0631\u0649 \u0627\u0644\u062c\u0645\u0627\u0644 \u0641\u064a \u0643\u0644 \u0644\u062d\u0638\u0629\u060c \u0648\u062a\u062a\u0631\u0643 \u0628\u0631\u064a\u0642\u0647\u0627 \u0623\u064a\u0646\u0645\u0627 \u0630\u0647\u0628\u062a.<br \/>\n\u062a\u062a\u0641\u062a\u062d \u0645\u0642\u062f\u0645\u062a\u0647 \u0628\u0646\u0641\u062d\u0627\u062a \u0627\u0644\u0643\u0645\u062b\u0631\u0649 \u0648\u0627\u0644\u0643\u0634\u0645\u0634 \u0627\u0644\u0623\u0633\u0648\u062f \u0627\u0644\u0645\u0646\u0639\u0634\u0629\u060c\n\u062b\u0645 \u062a\u0632\u0647\u0631 \u0641\u064a \u0642\u0644\u0628\u064d \u0645\u0634\u0631\u0642 \u0645\u0646 \u0627\u0644\u0633\u0648\u0633\u0646 \u0648\u0632\u0647\u0631\u0629 \u0627\u0644\u0628\u0631\u062a\u0642\u0627\u0644 \u0648\u0627\u0644\u064a\u0627\u0633\u0645\u064a\u0646\u060c<br data-start=\"489\" data-end=\"492\" \/>\u0644\u062a\u0633\u062a\u0642\u0631 \u0623\u062e\u064a\u0631\u064b\u0627 \u0639\u0644\u0649 \u0642\u0627\u0639\u062f\u0629 \u0646\u0627\u0639\u0645\u0629 \u0645\u0646 \u0627\u0644\u0641\u0627\u0646\u064a\u0644\u064a\u0627 \u0648\u0627\u0644\u062a\u0648\u0646\u0643\u0627 \u0648\u0627\u0644\u0628\u0631\u0627\u0648\u0644\u064a\u0646\u060c \u062a\u0645\u0646\u062d \u062f\u0641\u0626\u064b\u0627 \u062d\u0644\u0648\u064b\u0627 \u0644\u0627 \u064a\u064f\u0646\u0633\u0649.<\/p>\n<p data-start=\"657\" data-end=\"679\"><strong data-start=\"657\" data-end=\"677\">\u0646\u0648\u062a\u0627\u062a \u0627\u0644\u0639\u0637\u0631:<br \/>\n<\/strong><strong data-start=\"682\" data-end=\"690\">\u0627\u0644\u0645\u0642\u062f\u0645\u0629:<\/strong> \u0643\u0634\u0645\u0634 \u0623\u0633\u0648\u062f<br \/>\n<strong data-start=\"714\" data-end=\"724\">\u0627\u0644\u0642\u0644\u0628:<\/strong> \u0633\u0648\u0633\u0646\u060c \u0632\u0647\u0631\u0629 \u0627\u0644\u0628\u0631\u062a\u0642\u0627\u0644\u060c \u064a\u0627\u0633\u0645\u064a\u0646<br \/>\n<strong data-start=\"759\" data-end=\"768\">\u0627\u0644\u0642\u0627\u0639\u062f\u0629:<\/strong> \u0641\u0627\u0646\u064a\u0644\u064a\u0627\u060c \u062a\u0648\u0646\u0643\u0627\u060c \u0628\u0631\u0627\u0648\u0644\u064a\u0646<\/p>\n<p data-start=\"801\" data-end=\"877\"><strong data-start=\"801\" data-end=\"875\">Free Life\u2026 \u0627\u0644\u0639\u0637\u0631 \u0627\u0644\u0630\u064a \u064a\u062d\u062a\u0641\u064a \u0628\u0627\u0644\u0633\u0639\u0627\u062f\u0629 \u0641\u064a \u0623\u0646\u0642\u0649 \u0635\u0648\u0631\u0647\u0627.<\/strong><\/p>\n<p data-start=\"879\" data-end=\"929\"><strong data-start=\"879\" data-end=\"899\">\u0627\u0634\u062a\u0631\u064a\u0647 \u0625\u0646 \u0643\u0646\u062a \u062a\u062d\u0628:<\/strong> La Vie Est Belle by Lanc\u00f4me, Id\u00f4le by Lanc\u00f4me, Giorgio Armani My Way, YSL Mon Paris, Flowerbomb by Viktor &amp; Rolf, Miss Dior Blooming Bouquet, Givenchy Irresistible<\/p>","protected":false},"excerpt":{"rendered":"<p>DNA: La Vie Est Belle<\/p>","protected":false},"featured_media":30313,"comment_status":"open","ping_status":"closed","template":"","meta":{"_monsterinsights_skip_tracking":false,"_monsterinsights_sitenote_active":false,"_monsterinsights_sitenote_note":"","_monsterinsights_sitenote_category":0},"product_brand":[104],"product_cat":[126],"product_tag":[228,237,238,312],"class_list":{"0":"post-29731","1":"product","2":"type-product","3":"status-publish","4":"has-post-thumbnail","6":"product_brand-perfume-lab","7":"product_cat-womens-fragrances","8":"product_tag-fruity","9":"product_tag-gourmand","10":"product_tag-powdery","11":"product_tag-winter","13":"first","14":"instock","15":"sale","16":"shipping-taxable","17":"purchasable","18":"product-type-variable"},"supplier_id":null,"supplier_sku":"","barcode":null,"atum_controlled":true,"out_stock_date":null,"out_stock_threshold":null,"inheritable":true,"inbound_stock":0,"stock_on_hold":1,"sold_today":0,"sales_last_days":0,"reserved_stock":0,"customer_returns":0,"warehouse_damage":0,"lost_in_post":0,"other_logs":0,"out_stock_days":0,"lost_sales":0,"has_location":false,"update_date":"2026-04-19T11:37:31","atum_locations":[],"atum_stock_status":"instock","restock_status":false,"low_stock_amount":"","sales_update_date":"2026-04-19T00:07:16","calc_backorders":null,"aioseo_notices":[],"jetpack_sharing_enabled":true,"_links":{"self":[{"href":"https:\/\/rfaheya.com\/ar\/wp-json\/wp\/v2\/product\/29731","targetHints":{"allow":["GET"]}}],"collection":[{"href":"https:\/\/rfaheya.com\/ar\/wp-json\/wp\/v2\/product"}],"about":[{"href":"https:\/\/rfaheya.com\/ar\/wp-json\/wp\/v2\/types\/product"}],"replies":[{"embeddable":true,"href":"https:\/\/rfaheya.com\/ar\/wp-json\/wp\/v2\/comments?post=29731"}],"version-history":[{"count":21,"href":"https:\/\/rfaheya.com\/ar\/wp-json\/wp\/v2\/product\/29731\/revisions"}],"predecessor-version":[{"id":34387,"href":"https:\/\/rfaheya.com\/ar\/wp-json\/wp\/v2\/product\/29731\/revisions\/34387"}],"wp:featuredmedia":[{"embeddable":true,"href":"https:\/\/rfaheya.com\/ar\/wp-json\/wp\/v2\/media\/30313"}],"wp:attachment":[{"href":"https:\/\/rfaheya.com\/ar\/wp-json\/wp\/v2\/media?parent=29731"}],"wp:term":[{"taxonomy":"product_brand","embeddable":true,"href":"https:\/\/rfaheya.com\/ar\/wp-json\/wp\/v2\/product_brand?post=29731"},{"taxonomy":"product_cat","embeddable":true,"href":"https:\/\/rfaheya.com\/ar\/wp-json\/wp\/v2\/product_cat?post=29731"},{"taxonomy":"product_tag","embeddable":true,"href":"https:\/\/rfaheya.com\/ar\/wp-json\/wp\/v2\/product_tag?post=29731"}],"curies":[{"name":"wp","href":"https:\/\/api.w.org\/{rel}","templated":true}]}}